{"id":1675,"date":"2017-08-09T09:19:24","date_gmt":"2017-08-09T07:19:24","guid":{"rendered":"https:\/\/serhssolutions.com\/inici\/"},"modified":"2025-02-06T09:47:49","modified_gmt":"2025-02-06T08:47:49","slug":"gestoria-%c2%b7-tecnologia-%c2%b7-proyectos-y-equipamientos","status":"publish","type":"page","link":"https:\/\/serhsserveis.com\/es\/","title":{"rendered":"GESTOR\u00cdA \u00b7 TECNOLOG\u00cdA \u00b7 PROYECTOS Y EQUIPAMIENTOS \u00b7 SERHS SERVEIS"},"content":{"rendered":"<h2>GESTOR\u00cdA \u00b7 TECNOLOG\u00cdA \u00b7 PROYECTOS Y EQUIPAMIENTOS<\/h2>\n<p><a href=\"https:\/\/serhsserveis.com\/es\/\">SERHS Serveis<\/a><br \/>\n<a href=\"http:\/\/www.serhs.com\" target=\"_blank\" rel=\"noopener noreferrer\">SERHS<\/a><br \/>\n<img decoding=\"async\" src=\"https:\/\/serhsserveis.com\/wp-content\/uploads\/2017\/09\/Logo-SERHS-Serveis-Serveis-integrals.png\" alt=\"SERHS Serveis\" \/><\/p>\n","protected":false},"excerpt":{"rendered":"<p>GESTOR\u00cdA \u00b7 TECNOLOG\u00cdA \u00b7 PROYECTOS Y EQUIPAMIENTOS SERHS Serveis SERHS<\/p>\n","protected":false},"author":10,"featured_media":0,"parent":0,"menu_order":1,"comment_status":"closed","ping_status":"closed","template":"","meta":{"footnotes":""},"class_list":["post-1675","page","type-page","status-publish","hentry"],"yoast_head":"<!-- This site is optimized with the Yoast SEO plugin v27.1.1 - https:\/\/yoast.com\/product\/yoast-seo-wordpress\/ -->\n<title>\u25b7 Gestor\u00eda \u00b7 Tecnolog\u00eda \u00b7 Proyectos y Equipamientos \u00b7 SERHS Serveis<\/title>\n<meta name=\"description\" content=\"Servicios integrales de Gestor\u00eda, expertos en Transformaci\u00f3n Digital y especialistas en Proyectos y Equipamientos para la Hosteler\u00eda y la Restauraci\u00f3n.\" \/>\n<meta name=\"robots\" content=\"index, follow, max-snippet:-1, max-image-preview:large, max-video-preview:-1\" \/>\n<link rel=\"canonical\" href=\"https:\/\/serhsserveis.com\/es\/\" \/>\n<meta property=\"og:locale\" content=\"es_ES\" \/>\n<meta property=\"og:type\" content=\"article\" \/>\n<meta property=\"og:title\" content=\"\u25b7 Gestor\u00eda \u00b7 Tecnolog\u00eda \u00b7 Proyectos y Equipamientos \u00b7 SERHS Serveis\" \/>\n<meta property=\"og:description\" content=\"Servicios integrales de Gestor\u00eda, expertos en Transformaci\u00f3n Digital y especialistas en Proyectos y Equipamientos para la Hosteler\u00eda y la Restauraci\u00f3n.\" \/>\n<meta property=\"og:url\" content=\"https:\/\/serhsserveis.com\/es\/\" \/>\n<meta property=\"og:site_name\" content=\"SERHS Serveis\" \/>\n<meta property=\"article:publisher\" content=\"https:\/\/www.facebook.com\/SERHS-Serveis-914835645340740\/\" \/>\n<meta property=\"article:modified_time\" content=\"2025-02-06T08:47:49+00:00\" \/>\n<meta property=\"og:image\" content=\"https:\/\/serhsserveis.com\/wp-content\/uploads\/2017\/09\/Logo-SERHS-Serveis-Serveis-integrals.png\" \/>\n<script type=\"application\/ld+json\" class=\"yoast-schema-graph\">{\"@context\":\"https:\/\/schema.org\",\"@graph\":[{\"@type\":\"WebPage\",\"@id\":\"https:\/\/serhsserveis.com\/es\/\",\"url\":\"https:\/\/serhsserveis.com\/es\/\",\"name\":\"\u25b7 Gestor\u00eda \u00b7 Tecnolog\u00eda \u00b7 Proyectos y Equipamientos \u00b7 SERHS Serveis\",\"isPartOf\":{\"@id\":\"https:\/\/serhsserveis.com\/#website\"},\"primaryImageOfPage\":{\"@id\":\"https:\/\/serhsserveis.com\/es\/#primaryimage\"},\"image\":{\"@id\":\"https:\/\/serhsserveis.com\/es\/#primaryimage\"},\"thumbnailUrl\":\"https:\/\/serhsserveis.com\/wp-content\/uploads\/2017\/09\/Logo-SERHS-Serveis-Serveis-integrals.png\",\"datePublished\":\"2017-08-09T07:19:24+00:00\",\"dateModified\":\"2025-02-06T08:47:49+00:00\",\"description\":\"Servicios integrales de Gestor\u00eda, expertos en Transformaci\u00f3n Digital y especialistas en Proyectos y Equipamientos para la Hosteler\u00eda y la Restauraci\u00f3n.\",\"breadcrumb\":{\"@id\":\"https:\/\/serhsserveis.com\/es\/#breadcrumb\"},\"inLanguage\":\"es\",\"potentialAction\":[{\"@type\":\"ReadAction\",\"target\":[\"https:\/\/serhsserveis.com\/es\/\"]}]},{\"@type\":\"ImageObject\",\"inLanguage\":\"es\",\"@id\":\"https:\/\/serhsserveis.com\/es\/#primaryimage\",\"url\":\"https:\/\/serhsserveis.com\/wp-content\/uploads\/2017\/09\/Logo-SERHS-Serveis-Serveis-integrals.png\",\"contentUrl\":\"https:\/\/serhsserveis.com\/wp-content\/uploads\/2017\/09\/Logo-SERHS-Serveis-Serveis-integrals.png\"},{\"@type\":\"BreadcrumbList\",\"@id\":\"https:\/\/serhsserveis.com\/es\/#breadcrumb\",\"itemListElement\":[{\"@type\":\"ListItem\",\"position\":1,\"name\":\"Home\",\"item\":\"https:\/\/serhsserveis.com\/es\/\"},{\"@type\":\"ListItem\",\"position\":2,\"name\":\"GESTOR\u00cdA \u00b7 TECNOLOG\u00cdA \u00b7 PROYECTOS Y EQUIPAMIENTOS \u00b7 SERHS SERVEIS\"}]},{\"@type\":\"WebSite\",\"@id\":\"https:\/\/serhsserveis.com\/#website\",\"url\":\"https:\/\/serhsserveis.com\/\",\"name\":\"SERHS Serveis\",\"description\":\"T&#039;ho posa f\u00e0cil\",\"publisher\":{\"@id\":\"https:\/\/serhsserveis.com\/#organization\"},\"potentialAction\":[{\"@type\":\"SearchAction\",\"target\":{\"@type\":\"EntryPoint\",\"urlTemplate\":\"https:\/\/serhsserveis.com\/?s={search_term_string}\"},\"query-input\":{\"@type\":\"PropertyValueSpecification\",\"valueRequired\":true,\"valueName\":\"search_term_string\"}}],\"inLanguage\":\"es\"},{\"@type\":\"Organization\",\"@id\":\"https:\/\/serhsserveis.com\/#organization\",\"name\":\"SERHS Serveis\",\"url\":\"https:\/\/serhsserveis.com\/\",\"logo\":{\"@type\":\"ImageObject\",\"inLanguage\":\"es\",\"@id\":\"https:\/\/serhsserveis.com\/#\/schema\/logo\/image\/\",\"url\":\"https:\/\/serhsserveis.com\/wp-content\/uploads\/2017\/09\/Logo-SERHS-Serveis-Serveis-integrals.png\",\"contentUrl\":\"https:\/\/serhsserveis.com\/wp-content\/uploads\/2017\/09\/Logo-SERHS-Serveis-Serveis-integrals.png\",\"width\":120,\"height\":40,\"caption\":\"SERHS Serveis\"},\"image\":{\"@id\":\"https:\/\/serhsserveis.com\/#\/schema\/logo\/image\/\"},\"sameAs\":[\"https:\/\/www.facebook.com\/SERHS-Serveis-914835645340740\/\",\"https:\/\/www.instagram.com\/serhsserveis\/\",\"https:\/\/www.linkedin.com\/company\/serhs-serveis\",\"https:\/\/www.youtube.com\/channel\/UCyY1p4E94vhubNiJb8yESgQ\"]}]}<\/script>\n<!-- \/ Yoast SEO plugin. -->","yoast_head_json":{"title":"\u25b7 Gestor\u00eda \u00b7 Tecnolog\u00eda \u00b7 Proyectos y Equipamientos \u00b7 SERHS Serveis","description":"Servicios integrales de Gestor\u00eda, expertos en Transformaci\u00f3n Digital y especialistas en Proyectos y Equipamientos para la Hosteler\u00eda y la Restauraci\u00f3n.","robots":{"index":"index","follow":"follow","max-snippet":"max-snippet:-1","max-image-preview":"max-image-preview:large","max-video-preview":"max-video-preview:-1"},"canonical":"https:\/\/serhsserveis.com\/es\/","og_locale":"es_ES","og_type":"article","og_title":"\u25b7 Gestor\u00eda \u00b7 Tecnolog\u00eda \u00b7 Proyectos y Equipamientos \u00b7 SERHS Serveis","og_description":"Servicios integrales de Gestor\u00eda, expertos en Transformaci\u00f3n Digital y especialistas en Proyectos y Equipamientos para la Hosteler\u00eda y la Restauraci\u00f3n.","og_url":"https:\/\/serhsserveis.com\/es\/","og_site_name":"SERHS Serveis","article_publisher":"https:\/\/www.facebook.com\/SERHS-Serveis-914835645340740\/","article_modified_time":"2025-02-06T08:47:49+00:00","og_image":[{"url":"https:\/\/serhsserveis.com\/wp-content\/uploads\/2017\/09\/Logo-SERHS-Serveis-Serveis-integrals.png","type":"","width":"","height":""}],"schema":{"@context":"https:\/\/schema.org","@graph":[{"@type":"WebPage","@id":"https:\/\/serhsserveis.com\/es\/","url":"https:\/\/serhsserveis.com\/es\/","name":"\u25b7 Gestor\u00eda \u00b7 Tecnolog\u00eda \u00b7 Proyectos y Equipamientos \u00b7 SERHS Serveis","isPartOf":{"@id":"https:\/\/serhsserveis.com\/#website"},"primaryImageOfPage":{"@id":"https:\/\/serhsserveis.com\/es\/#primaryimage"},"image":{"@id":"https:\/\/serhsserveis.com\/es\/#primaryimage"},"thumbnailUrl":"https:\/\/serhsserveis.com\/wp-content\/uploads\/2017\/09\/Logo-SERHS-Serveis-Serveis-integrals.png","datePublished":"2017-08-09T07:19:24+00:00","dateModified":"2025-02-06T08:47:49+00:00","description":"Servicios integrales de Gestor\u00eda, expertos en Transformaci\u00f3n Digital y especialistas en Proyectos y Equipamientos para la Hosteler\u00eda y la Restauraci\u00f3n.","breadcrumb":{"@id":"https:\/\/serhsserveis.com\/es\/#breadcrumb"},"inLanguage":"es","potentialAction":[{"@type":"ReadAction","target":["https:\/\/serhsserveis.com\/es\/"]}]},{"@type":"ImageObject","inLanguage":"es","@id":"https:\/\/serhsserveis.com\/es\/#primaryimage","url":"https:\/\/serhsserveis.com\/wp-content\/uploads\/2017\/09\/Logo-SERHS-Serveis-Serveis-integrals.png","contentUrl":"https:\/\/serhsserveis.com\/wp-content\/uploads\/2017\/09\/Logo-SERHS-Serveis-Serveis-integrals.png"},{"@type":"BreadcrumbList","@id":"https:\/\/serhsserveis.com\/es\/#breadcrumb","itemListElement":[{"@type":"ListItem","position":1,"name":"Home","item":"https:\/\/serhsserveis.com\/es\/"},{"@type":"ListItem","position":2,"name":"GESTOR\u00cdA \u00b7 TECNOLOG\u00cdA \u00b7 PROYECTOS Y EQUIPAMIENTOS \u00b7 SERHS SERVEIS"}]},{"@type":"WebSite","@id":"https:\/\/serhsserveis.com\/#website","url":"https:\/\/serhsserveis.com\/","name":"SERHS Serveis","description":"T&#039;ho posa f\u00e0cil","publisher":{"@id":"https:\/\/serhsserveis.com\/#organization"},"potentialAction":[{"@type":"SearchAction","target":{"@type":"EntryPoint","urlTemplate":"https:\/\/serhsserveis.com\/?s={search_term_string}"},"query-input":{"@type":"PropertyValueSpecification","valueRequired":true,"valueName":"search_term_string"}}],"inLanguage":"es"},{"@type":"Organization","@id":"https:\/\/serhsserveis.com\/#organization","name":"SERHS Serveis","url":"https:\/\/serhsserveis.com\/","logo":{"@type":"ImageObject","inLanguage":"es","@id":"https:\/\/serhsserveis.com\/#\/schema\/logo\/image\/","url":"https:\/\/serhsserveis.com\/wp-content\/uploads\/2017\/09\/Logo-SERHS-Serveis-Serveis-integrals.png","contentUrl":"https:\/\/serhsserveis.com\/wp-content\/uploads\/2017\/09\/Logo-SERHS-Serveis-Serveis-integrals.png","width":120,"height":40,"caption":"SERHS Serveis"},"image":{"@id":"https:\/\/serhsserveis.com\/#\/schema\/logo\/image\/"},"sameAs":["https:\/\/www.facebook.com\/SERHS-Serveis-914835645340740\/","https:\/\/www.instagram.com\/serhsserveis\/","https:\/\/www.linkedin.com\/company\/serhs-serveis","https:\/\/www.youtube.com\/channel\/UCyY1p4E94vhubNiJb8yESgQ"]}]}},"_links":{"self":[{"href":"https:\/\/serhsserveis.com\/es\/wp-json\/wp\/v2\/pages\/1675","targetHints":{"allow":["GET"]}}],"collection":[{"href":"https:\/\/serhsserveis.com\/es\/wp-json\/wp\/v2\/pages"}],"about":[{"href":"https:\/\/serhsserveis.com\/es\/wp-json\/wp\/v2\/types\/page"}],"author":[{"embeddable":true,"href":"https:\/\/serhsserveis.com\/es\/wp-json\/wp\/v2\/users\/10"}],"replies":[{"embeddable":true,"href":"https:\/\/serhsserveis.com\/es\/wp-json\/wp\/v2\/comments?post=1675"}],"version-history":[{"count":5,"href":"https:\/\/serhsserveis.com\/es\/wp-json\/wp\/v2\/pages\/1675\/revisions"}],"predecessor-version":[{"id":32123,"href":"https:\/\/serhsserveis.com\/es\/wp-json\/wp\/v2\/pages\/1675\/revisions\/32123"}],"wp:attachment":[{"href":"https:\/\/serhsserveis.com\/es\/wp-json\/wp\/v2\/media?parent=1675"}],"curies":[{"name":"wp","href":"https:\/\/api.w.org\/{rel}","templated":true}]}}