{"id":1766,"date":"2017-08-09T11:40:19","date_gmt":"2017-08-09T09:40:19","guid":{"rendered":"https:\/\/serhssolutions.com\/rsc\/"},"modified":"2023-11-15T10:50:14","modified_gmt":"2023-11-15T09:50:14","slug":"en-serhs-serveis-apostamos-firmemente-por-la-conciliacion-laboral","status":"publish","type":"page","link":"https:\/\/serhsserveis.com\/es\/en-serhs-serveis-apostamos-firmemente-por-la-conciliacion-laboral\/","title":{"rendered":"RSC"},"content":{"rendered":"<h2>RSC<\/h2>\n<p><a href=\"https:\/\/serhsserveis.com\/\">SERHS Serveis<\/a><br \/>\n<a href=\"http:\/\/www.serhs.com\" target=\"_blank\" rel=\"noopener noreferrer\">SERHS<\/a><br \/>\n<img decoding=\"async\" src=\"https:\/\/serhsserveis.com\/wp-content\/uploads\/2017\/09\/Logo-SERHS-Serveis-Serveis-integrals.png\" alt=\"SERHS Serveis\" \/><\/p>\n","protected":false},"excerpt":{"rendered":"<p>RSC SERHS Serveis SERHS<\/p>\n","protected":false},"author":10,"featured_media":0,"parent":0,"menu_order":22,"comment_status":"closed","ping_status":"closed","template":"","meta":{"footnotes":""},"class_list":["post-1766","page","type-page","status-publish","hentry"],"yoast_head":"<!-- This site is optimized with the Yoast SEO plugin v27.1.1 - https:\/\/yoast.com\/product\/yoast-seo-wordpress\/ -->\n<title>En SERHS Serveis apostamos firmemente por la Conciliaci\u00f3n Laboral<\/title>\n<meta name=\"description\" content=\"Apostamos por la conciliaci\u00f3n laboral, ayudas familiares, valores y por la econom\u00eda de nuestros trabajadores a trav\u00e9s de planes de compensaci\u00f3n flexible\" \/>\n<meta name=\"robots\" content=\"index, follow, max-snippet:-1, max-image-preview:large, max-video-preview:-1\" \/>\n<link rel=\"canonical\" href=\"https:\/\/serhsserveis.com\/es\/en-serhs-serveis-apostamos-firmemente-por-la-conciliacion-laboral\/\" \/>\n<meta property=\"og:locale\" content=\"es_ES\" \/>\n<meta property=\"og:type\" content=\"article\" \/>\n<meta property=\"og:title\" content=\"En SERHS Serveis apostamos firmemente por la Conciliaci\u00f3n Laboral\" \/>\n<meta property=\"og:description\" content=\"Apostamos por la conciliaci\u00f3n laboral, ayudas familiares, valores y por la econom\u00eda de nuestros trabajadores a trav\u00e9s de planes de compensaci\u00f3n flexible\" \/>\n<meta property=\"og:url\" content=\"https:\/\/serhsserveis.com\/es\/en-serhs-serveis-apostamos-firmemente-por-la-conciliacion-laboral\/\" \/>\n<meta property=\"og:site_name\" content=\"SERHS Serveis\" \/>\n<meta property=\"article:publisher\" content=\"https:\/\/www.facebook.com\/SERHS-Serveis-914835645340740\/\" \/>\n<meta property=\"article:modified_time\" content=\"2023-11-15T09:50:14+00:00\" \/>\n<meta property=\"og:image\" content=\"https:\/\/serhsserveis.com\/wp-content\/uploads\/2017\/09\/Logo-SERHS-Serveis-Serveis-integrals.png\" \/>\n<script type=\"application\/ld+json\" class=\"yoast-schema-graph\">{\"@context\":\"https:\/\/schema.org\",\"@graph\":[{\"@type\":\"WebPage\",\"@id\":\"https:\/\/serhsserveis.com\/es\/en-serhs-serveis-apostamos-firmemente-por-la-conciliacion-laboral\/\",\"url\":\"https:\/\/serhsserveis.com\/es\/en-serhs-serveis-apostamos-firmemente-por-la-conciliacion-laboral\/\",\"name\":\"En SERHS Serveis apostamos firmemente por la Conciliaci\u00f3n Laboral\",\"isPartOf\":{\"@id\":\"https:\/\/serhsserveis.com\/#website\"},\"primaryImageOfPage\":{\"@id\":\"https:\/\/serhsserveis.com\/es\/en-serhs-serveis-apostamos-firmemente-por-la-conciliacion-laboral\/#primaryimage\"},\"image\":{\"@id\":\"https:\/\/serhsserveis.com\/es\/en-serhs-serveis-apostamos-firmemente-por-la-conciliacion-laboral\/#primaryimage\"},\"thumbnailUrl\":\"https:\/\/serhsserveis.com\/wp-content\/uploads\/2017\/09\/Logo-SERHS-Serveis-Serveis-integrals.png\",\"datePublished\":\"2017-08-09T09:40:19+00:00\",\"dateModified\":\"2023-11-15T09:50:14+00:00\",\"description\":\"Apostamos por la conciliaci\u00f3n laboral, ayudas familiares, valores y por la econom\u00eda de nuestros trabajadores a trav\u00e9s de planes de compensaci\u00f3n flexible\",\"breadcrumb\":{\"@id\":\"https:\/\/serhsserveis.com\/es\/en-serhs-serveis-apostamos-firmemente-por-la-conciliacion-laboral\/#breadcrumb\"},\"inLanguage\":\"es\",\"potentialAction\":[{\"@type\":\"ReadAction\",\"target\":[\"https:\/\/serhsserveis.com\/es\/en-serhs-serveis-apostamos-firmemente-por-la-conciliacion-laboral\/\"]}]},{\"@type\":\"ImageObject\",\"inLanguage\":\"es\",\"@id\":\"https:\/\/serhsserveis.com\/es\/en-serhs-serveis-apostamos-firmemente-por-la-conciliacion-laboral\/#primaryimage\",\"url\":\"https:\/\/serhsserveis.com\/wp-content\/uploads\/2017\/09\/Logo-SERHS-Serveis-Serveis-integrals.png\",\"contentUrl\":\"https:\/\/serhsserveis.com\/wp-content\/uploads\/2017\/09\/Logo-SERHS-Serveis-Serveis-integrals.png\"},{\"@type\":\"BreadcrumbList\",\"@id\":\"https:\/\/serhsserveis.com\/es\/en-serhs-serveis-apostamos-firmemente-por-la-conciliacion-laboral\/#breadcrumb\",\"itemListElement\":[{\"@type\":\"ListItem\",\"position\":1,\"name\":\"Home\",\"item\":\"https:\/\/serhsserveis.com\/es\/\"},{\"@type\":\"ListItem\",\"position\":2,\"name\":\"RSC\"}]},{\"@type\":\"WebSite\",\"@id\":\"https:\/\/serhsserveis.com\/#website\",\"url\":\"https:\/\/serhsserveis.com\/\",\"name\":\"SERHS Serveis\",\"description\":\"T&#039;ho posa f\u00e0cil\",\"publisher\":{\"@id\":\"https:\/\/serhsserveis.com\/#organization\"},\"potentialAction\":[{\"@type\":\"SearchAction\",\"target\":{\"@type\":\"EntryPoint\",\"urlTemplate\":\"https:\/\/serhsserveis.com\/?s={search_term_string}\"},\"query-input\":{\"@type\":\"PropertyValueSpecification\",\"valueRequired\":true,\"valueName\":\"search_term_string\"}}],\"inLanguage\":\"es\"},{\"@type\":\"Organization\",\"@id\":\"https:\/\/serhsserveis.com\/#organization\",\"name\":\"SERHS Serveis\",\"url\":\"https:\/\/serhsserveis.com\/\",\"logo\":{\"@type\":\"ImageObject\",\"inLanguage\":\"es\",\"@id\":\"https:\/\/serhsserveis.com\/#\/schema\/logo\/image\/\",\"url\":\"https:\/\/serhsserveis.com\/wp-content\/uploads\/2017\/09\/Logo-SERHS-Serveis-Serveis-integrals.png\",\"contentUrl\":\"https:\/\/serhsserveis.com\/wp-content\/uploads\/2017\/09\/Logo-SERHS-Serveis-Serveis-integrals.png\",\"width\":120,\"height\":40,\"caption\":\"SERHS Serveis\"},\"image\":{\"@id\":\"https:\/\/serhsserveis.com\/#\/schema\/logo\/image\/\"},\"sameAs\":[\"https:\/\/www.facebook.com\/SERHS-Serveis-914835645340740\/\",\"https:\/\/www.instagram.com\/serhsserveis\/\",\"https:\/\/www.linkedin.com\/company\/serhs-serveis\",\"https:\/\/www.youtube.com\/channel\/UCyY1p4E94vhubNiJb8yESgQ\"]}]}<\/script>\n<!-- \/ Yoast SEO plugin. -->","yoast_head_json":{"title":"En SERHS Serveis apostamos firmemente por la Conciliaci\u00f3n Laboral","description":"Apostamos por la conciliaci\u00f3n laboral, ayudas familiares, valores y por la econom\u00eda de nuestros trabajadores a trav\u00e9s de planes de compensaci\u00f3n flexible","robots":{"index":"index","follow":"follow","max-snippet":"max-snippet:-1","max-image-preview":"max-image-preview:large","max-video-preview":"max-video-preview:-1"},"canonical":"https:\/\/serhsserveis.com\/es\/en-serhs-serveis-apostamos-firmemente-por-la-conciliacion-laboral\/","og_locale":"es_ES","og_type":"article","og_title":"En SERHS Serveis apostamos firmemente por la Conciliaci\u00f3n Laboral","og_description":"Apostamos por la conciliaci\u00f3n laboral, ayudas familiares, valores y por la econom\u00eda de nuestros trabajadores a trav\u00e9s de planes de compensaci\u00f3n flexible","og_url":"https:\/\/serhsserveis.com\/es\/en-serhs-serveis-apostamos-firmemente-por-la-conciliacion-laboral\/","og_site_name":"SERHS Serveis","article_publisher":"https:\/\/www.facebook.com\/SERHS-Serveis-914835645340740\/","article_modified_time":"2023-11-15T09:50:14+00:00","og_image":[{"url":"https:\/\/serhsserveis.com\/wp-content\/uploads\/2017\/09\/Logo-SERHS-Serveis-Serveis-integrals.png","type":"","width":"","height":""}],"schema":{"@context":"https:\/\/schema.org","@graph":[{"@type":"WebPage","@id":"https:\/\/serhsserveis.com\/es\/en-serhs-serveis-apostamos-firmemente-por-la-conciliacion-laboral\/","url":"https:\/\/serhsserveis.com\/es\/en-serhs-serveis-apostamos-firmemente-por-la-conciliacion-laboral\/","name":"En SERHS Serveis apostamos firmemente por la Conciliaci\u00f3n Laboral","isPartOf":{"@id":"https:\/\/serhsserveis.com\/#website"},"primaryImageOfPage":{"@id":"https:\/\/serhsserveis.com\/es\/en-serhs-serveis-apostamos-firmemente-por-la-conciliacion-laboral\/#primaryimage"},"image":{"@id":"https:\/\/serhsserveis.com\/es\/en-serhs-serveis-apostamos-firmemente-por-la-conciliacion-laboral\/#primaryimage"},"thumbnailUrl":"https:\/\/serhsserveis.com\/wp-content\/uploads\/2017\/09\/Logo-SERHS-Serveis-Serveis-integrals.png","datePublished":"2017-08-09T09:40:19+00:00","dateModified":"2023-11-15T09:50:14+00:00","description":"Apostamos por la conciliaci\u00f3n laboral, ayudas familiares, valores y por la econom\u00eda de nuestros trabajadores a trav\u00e9s de planes de compensaci\u00f3n flexible","breadcrumb":{"@id":"https:\/\/serhsserveis.com\/es\/en-serhs-serveis-apostamos-firmemente-por-la-conciliacion-laboral\/#breadcrumb"},"inLanguage":"es","potentialAction":[{"@type":"ReadAction","target":["https:\/\/serhsserveis.com\/es\/en-serhs-serveis-apostamos-firmemente-por-la-conciliacion-laboral\/"]}]},{"@type":"ImageObject","inLanguage":"es","@id":"https:\/\/serhsserveis.com\/es\/en-serhs-serveis-apostamos-firmemente-por-la-conciliacion-laboral\/#primaryimage","url":"https:\/\/serhsserveis.com\/wp-content\/uploads\/2017\/09\/Logo-SERHS-Serveis-Serveis-integrals.png","contentUrl":"https:\/\/serhsserveis.com\/wp-content\/uploads\/2017\/09\/Logo-SERHS-Serveis-Serveis-integrals.png"},{"@type":"BreadcrumbList","@id":"https:\/\/serhsserveis.com\/es\/en-serhs-serveis-apostamos-firmemente-por-la-conciliacion-laboral\/#breadcrumb","itemListElement":[{"@type":"ListItem","position":1,"name":"Home","item":"https:\/\/serhsserveis.com\/es\/"},{"@type":"ListItem","position":2,"name":"RSC"}]},{"@type":"WebSite","@id":"https:\/\/serhsserveis.com\/#website","url":"https:\/\/serhsserveis.com\/","name":"SERHS Serveis","description":"T&#039;ho posa f\u00e0cil","publisher":{"@id":"https:\/\/serhsserveis.com\/#organization"},"potentialAction":[{"@type":"SearchAction","target":{"@type":"EntryPoint","urlTemplate":"https:\/\/serhsserveis.com\/?s={search_term_string}"},"query-input":{"@type":"PropertyValueSpecification","valueRequired":true,"valueName":"search_term_string"}}],"inLanguage":"es"},{"@type":"Organization","@id":"https:\/\/serhsserveis.com\/#organization","name":"SERHS Serveis","url":"https:\/\/serhsserveis.com\/","logo":{"@type":"ImageObject","inLanguage":"es","@id":"https:\/\/serhsserveis.com\/#\/schema\/logo\/image\/","url":"https:\/\/serhsserveis.com\/wp-content\/uploads\/2017\/09\/Logo-SERHS-Serveis-Serveis-integrals.png","contentUrl":"https:\/\/serhsserveis.com\/wp-content\/uploads\/2017\/09\/Logo-SERHS-Serveis-Serveis-integrals.png","width":120,"height":40,"caption":"SERHS Serveis"},"image":{"@id":"https:\/\/serhsserveis.com\/#\/schema\/logo\/image\/"},"sameAs":["https:\/\/www.facebook.com\/SERHS-Serveis-914835645340740\/","https:\/\/www.instagram.com\/serhsserveis\/","https:\/\/www.linkedin.com\/company\/serhs-serveis","https:\/\/www.youtube.com\/channel\/UCyY1p4E94vhubNiJb8yESgQ"]}]}},"_links":{"self":[{"href":"https:\/\/serhsserveis.com\/es\/wp-json\/wp\/v2\/pages\/1766","targetHints":{"allow":["GET"]}}],"collection":[{"href":"https:\/\/serhsserveis.com\/es\/wp-json\/wp\/v2\/pages"}],"about":[{"href":"https:\/\/serhsserveis.com\/es\/wp-json\/wp\/v2\/types\/page"}],"author":[{"embeddable":true,"href":"https:\/\/serhsserveis.com\/es\/wp-json\/wp\/v2\/users\/10"}],"replies":[{"embeddable":true,"href":"https:\/\/serhsserveis.com\/es\/wp-json\/wp\/v2\/comments?post=1766"}],"version-history":[{"count":3,"href":"https:\/\/serhsserveis.com\/es\/wp-json\/wp\/v2\/pages\/1766\/revisions"}],"predecessor-version":[{"id":31390,"href":"https:\/\/serhsserveis.com\/es\/wp-json\/wp\/v2\/pages\/1766\/revisions\/31390"}],"wp:attachment":[{"href":"https:\/\/serhsserveis.com\/es\/wp-json\/wp\/v2\/media?parent=1766"}],"curies":[{"name":"wp","href":"https:\/\/api.w.org\/{rel}","templated":true}]}}