{"id":26352,"date":"2021-10-08T17:27:50","date_gmt":"2021-10-08T15:27:50","guid":{"rendered":"https:\/\/www.serhsserveis.com\/?page_id=26352"},"modified":"2021-10-08T18:34:17","modified_gmt":"2021-10-08T16:34:17","slug":"todos-cursos-formacion","status":"publish","type":"page","link":"https:\/\/serhsserveis.com\/es\/todos-cursos-formacion\/","title":{"rendered":"TODOS LOS CURSOS"},"content":{"rendered":"","protected":false},"excerpt":{"rendered":"","protected":false},"author":10,"featured_media":0,"parent":0,"menu_order":40,"comment_status":"closed","ping_status":"closed","template":"","meta":{"footnotes":""},"class_list":["post-26352","page","type-page","status-publish","hentry"],"yoast_head":"<!-- This site is optimized with the Yoast SEO plugin v27.1.1 - https:\/\/yoast.com\/product\/yoast-seo-wordpress\/ -->\n<title>\u25b7 Cursos de formaci\u00f3n para empresas - SERHS Serveis<\/title>\n<meta name=\"description\" content=\"Cursos de formaci\u00f3n presencial y on line para empresas y trabajadores en activo, dise\u00f1ados para empresas l\u00edderes en su sector.\" \/>\n<meta name=\"robots\" content=\"index, follow, max-snippet:-1, max-image-preview:large, max-video-preview:-1\" \/>\n<link rel=\"canonical\" href=\"https:\/\/serhsserveis.com\/es\/todos-cursos-formacion\/\" \/>\n<meta property=\"og:locale\" content=\"es_ES\" \/>\n<meta property=\"og:type\" content=\"article\" \/>\n<meta property=\"og:title\" content=\"\u25b7 Cursos de formaci\u00f3n para empresas - SERHS Serveis\" \/>\n<meta property=\"og:description\" content=\"Cursos de formaci\u00f3n presencial y on line para empresas y trabajadores en activo, dise\u00f1ados para empresas l\u00edderes en su sector.\" \/>\n<meta property=\"og:url\" content=\"https:\/\/serhsserveis.com\/es\/todos-cursos-formacion\/\" \/>\n<meta property=\"og:site_name\" content=\"SERHS Serveis\" \/>\n<meta property=\"article:publisher\" content=\"https:\/\/www.facebook.com\/SERHS-Serveis-914835645340740\/\" \/>\n<meta property=\"article:modified_time\" content=\"2021-10-08T16:34:17+00:00\" \/>\n<script type=\"application\/ld+json\" class=\"yoast-schema-graph\">{\"@context\":\"https:\/\/schema.org\",\"@graph\":[{\"@type\":\"WebPage\",\"@id\":\"https:\/\/serhsserveis.com\/es\/todos-cursos-formacion\/\",\"url\":\"https:\/\/serhsserveis.com\/es\/todos-cursos-formacion\/\",\"name\":\"\u25b7 Cursos de formaci\u00f3n para empresas - SERHS Serveis\",\"isPartOf\":{\"@id\":\"https:\/\/serhsserveis.com\/#website\"},\"datePublished\":\"2021-10-08T15:27:50+00:00\",\"dateModified\":\"2021-10-08T16:34:17+00:00\",\"description\":\"Cursos de formaci\u00f3n presencial y on line para empresas y trabajadores en activo, dise\u00f1ados para empresas l\u00edderes en su sector.\",\"breadcrumb\":{\"@id\":\"https:\/\/serhsserveis.com\/es\/todos-cursos-formacion\/#breadcrumb\"},\"inLanguage\":\"es\",\"potentialAction\":[{\"@type\":\"ReadAction\",\"target\":[\"https:\/\/serhsserveis.com\/es\/todos-cursos-formacion\/\"]}]},{\"@type\":\"BreadcrumbList\",\"@id\":\"https:\/\/serhsserveis.com\/es\/todos-cursos-formacion\/#breadcrumb\",\"itemListElement\":[{\"@type\":\"ListItem\",\"position\":1,\"name\":\"Home\",\"item\":\"https:\/\/serhsserveis.com\/es\/\"},{\"@type\":\"ListItem\",\"position\":2,\"name\":\"TODOS LOS CURSOS\"}]},{\"@type\":\"WebSite\",\"@id\":\"https:\/\/serhsserveis.com\/#website\",\"url\":\"https:\/\/serhsserveis.com\/\",\"name\":\"SERHS Serveis\",\"description\":\"T&#039;ho posa f\u00e0cil\",\"publisher\":{\"@id\":\"https:\/\/serhsserveis.com\/#organization\"},\"potentialAction\":[{\"@type\":\"SearchAction\",\"target\":{\"@type\":\"EntryPoint\",\"urlTemplate\":\"https:\/\/serhsserveis.com\/?s={search_term_string}\"},\"query-input\":{\"@type\":\"PropertyValueSpecification\",\"valueRequired\":true,\"valueName\":\"search_term_string\"}}],\"inLanguage\":\"es\"},{\"@type\":\"Organization\",\"@id\":\"https:\/\/serhsserveis.com\/#organization\",\"name\":\"SERHS Serveis\",\"url\":\"https:\/\/serhsserveis.com\/\",\"logo\":{\"@type\":\"ImageObject\",\"inLanguage\":\"es\",\"@id\":\"https:\/\/serhsserveis.com\/#\/schema\/logo\/image\/\",\"url\":\"https:\/\/serhsserveis.com\/wp-content\/uploads\/2017\/09\/Logo-SERHS-Serveis-Serveis-integrals.png\",\"contentUrl\":\"https:\/\/serhsserveis.com\/wp-content\/uploads\/2017\/09\/Logo-SERHS-Serveis-Serveis-integrals.png\",\"width\":120,\"height\":40,\"caption\":\"SERHS Serveis\"},\"image\":{\"@id\":\"https:\/\/serhsserveis.com\/#\/schema\/logo\/image\/\"},\"sameAs\":[\"https:\/\/www.facebook.com\/SERHS-Serveis-914835645340740\/\",\"https:\/\/www.instagram.com\/serhsserveis\/\",\"https:\/\/www.linkedin.com\/company\/serhs-serveis\",\"https:\/\/www.youtube.com\/channel\/UCyY1p4E94vhubNiJb8yESgQ\"]}]}<\/script>\n<!-- \/ Yoast SEO plugin. -->","yoast_head_json":{"title":"\u25b7 Cursos de formaci\u00f3n para empresas - SERHS Serveis","description":"Cursos de formaci\u00f3n presencial y on line para empresas y trabajadores en activo, dise\u00f1ados para empresas l\u00edderes en su sector.","robots":{"index":"index","follow":"follow","max-snippet":"max-snippet:-1","max-image-preview":"max-image-preview:large","max-video-preview":"max-video-preview:-1"},"canonical":"https:\/\/serhsserveis.com\/es\/todos-cursos-formacion\/","og_locale":"es_ES","og_type":"article","og_title":"\u25b7 Cursos de formaci\u00f3n para empresas - SERHS Serveis","og_description":"Cursos de formaci\u00f3n presencial y on line para empresas y trabajadores en activo, dise\u00f1ados para empresas l\u00edderes en su sector.","og_url":"https:\/\/serhsserveis.com\/es\/todos-cursos-formacion\/","og_site_name":"SERHS Serveis","article_publisher":"https:\/\/www.facebook.com\/SERHS-Serveis-914835645340740\/","article_modified_time":"2021-10-08T16:34:17+00:00","schema":{"@context":"https:\/\/schema.org","@graph":[{"@type":"WebPage","@id":"https:\/\/serhsserveis.com\/es\/todos-cursos-formacion\/","url":"https:\/\/serhsserveis.com\/es\/todos-cursos-formacion\/","name":"\u25b7 Cursos de formaci\u00f3n para empresas - SERHS Serveis","isPartOf":{"@id":"https:\/\/serhsserveis.com\/#website"},"datePublished":"2021-10-08T15:27:50+00:00","dateModified":"2021-10-08T16:34:17+00:00","description":"Cursos de formaci\u00f3n presencial y on line para empresas y trabajadores en activo, dise\u00f1ados para empresas l\u00edderes en su sector.","breadcrumb":{"@id":"https:\/\/serhsserveis.com\/es\/todos-cursos-formacion\/#breadcrumb"},"inLanguage":"es","potentialAction":[{"@type":"ReadAction","target":["https:\/\/serhsserveis.com\/es\/todos-cursos-formacion\/"]}]},{"@type":"BreadcrumbList","@id":"https:\/\/serhsserveis.com\/es\/todos-cursos-formacion\/#breadcrumb","itemListElement":[{"@type":"ListItem","position":1,"name":"Home","item":"https:\/\/serhsserveis.com\/es\/"},{"@type":"ListItem","position":2,"name":"TODOS LOS CURSOS"}]},{"@type":"WebSite","@id":"https:\/\/serhsserveis.com\/#website","url":"https:\/\/serhsserveis.com\/","name":"SERHS Serveis","description":"T&#039;ho posa f\u00e0cil","publisher":{"@id":"https:\/\/serhsserveis.com\/#organization"},"potentialAction":[{"@type":"SearchAction","target":{"@type":"EntryPoint","urlTemplate":"https:\/\/serhsserveis.com\/?s={search_term_string}"},"query-input":{"@type":"PropertyValueSpecification","valueRequired":true,"valueName":"search_term_string"}}],"inLanguage":"es"},{"@type":"Organization","@id":"https:\/\/serhsserveis.com\/#organization","name":"SERHS Serveis","url":"https:\/\/serhsserveis.com\/","logo":{"@type":"ImageObject","inLanguage":"es","@id":"https:\/\/serhsserveis.com\/#\/schema\/logo\/image\/","url":"https:\/\/serhsserveis.com\/wp-content\/uploads\/2017\/09\/Logo-SERHS-Serveis-Serveis-integrals.png","contentUrl":"https:\/\/serhsserveis.com\/wp-content\/uploads\/2017\/09\/Logo-SERHS-Serveis-Serveis-integrals.png","width":120,"height":40,"caption":"SERHS Serveis"},"image":{"@id":"https:\/\/serhsserveis.com\/#\/schema\/logo\/image\/"},"sameAs":["https:\/\/www.facebook.com\/SERHS-Serveis-914835645340740\/","https:\/\/www.instagram.com\/serhsserveis\/","https:\/\/www.linkedin.com\/company\/serhs-serveis","https:\/\/www.youtube.com\/channel\/UCyY1p4E94vhubNiJb8yESgQ"]}]}},"_links":{"self":[{"href":"https:\/\/serhsserveis.com\/es\/wp-json\/wp\/v2\/pages\/26352","targetHints":{"allow":["GET"]}}],"collection":[{"href":"https:\/\/serhsserveis.com\/es\/wp-json\/wp\/v2\/pages"}],"about":[{"href":"https:\/\/serhsserveis.com\/es\/wp-json\/wp\/v2\/types\/page"}],"author":[{"embeddable":true,"href":"https:\/\/serhsserveis.com\/es\/wp-json\/wp\/v2\/users\/10"}],"replies":[{"embeddable":true,"href":"https:\/\/serhsserveis.com\/es\/wp-json\/wp\/v2\/comments?post=26352"}],"version-history":[{"count":0,"href":"https:\/\/serhsserveis.com\/es\/wp-json\/wp\/v2\/pages\/26352\/revisions"}],"wp:attachment":[{"href":"https:\/\/serhsserveis.com\/es\/wp-json\/wp\/v2\/media?parent=26352"}],"curies":[{"name":"wp","href":"https:\/\/api.w.org\/{rel}","templated":true}]}}