{"id":29448,"date":"2023-03-23T12:33:56","date_gmt":"2023-03-23T11:33:56","guid":{"rendered":"https:\/\/serhsserveis.com\/?page_id=29448"},"modified":"2025-09-05T17:08:41","modified_gmt":"2025-09-05T15:08:41","slug":"gestion-inmobiliaria-serhs","status":"publish","type":"page","link":"https:\/\/serhsserveis.com\/es\/gestion-inmobiliaria-serhs\/","title":{"rendered":"GESTI\u00d3N INMOBILIARIA"},"content":{"rendered":"","protected":false},"excerpt":{"rendered":"","protected":false},"author":10,"featured_media":0,"parent":0,"menu_order":37,"comment_status":"closed","ping_status":"closed","template":"","meta":{"footnotes":""},"class_list":["post-29448","page","type-page","status-publish","hentry"],"yoast_head":"<!-- This site is optimized with the Yoast SEO plugin v27.1.1 - https:\/\/yoast.com\/product\/yoast-seo-wordpress\/ -->\n<title>Gestor\u00eda Inmobilaria SERHS<\/title>\n<meta name=\"description\" content=\"Ponemos a tu disposici\u00f3n la Gestor\u00eda Inmobilaria SERHS, por la compra-venta de pisos, casas, terrenos, locales, naves industriales.\" \/>\n<meta name=\"robots\" content=\"index, follow, max-snippet:-1, max-image-preview:large, max-video-preview:-1\" \/>\n<link rel=\"canonical\" href=\"https:\/\/serhsserveis.com\/es\/gestion-inmobiliaria-serhs\/\" \/>\n<meta property=\"og:locale\" content=\"es_ES\" \/>\n<meta property=\"og:type\" content=\"article\" \/>\n<meta property=\"og:title\" content=\"Gestor\u00eda Inmobilaria SERHS\" \/>\n<meta property=\"og:description\" content=\"Ponemos a tu disposici\u00f3n la Gestor\u00eda Inmobilaria SERHS, por la compra-venta de pisos, casas, terrenos, locales, naves industriales.\" \/>\n<meta property=\"og:url\" content=\"https:\/\/serhsserveis.com\/es\/gestion-inmobiliaria-serhs\/\" \/>\n<meta property=\"og:site_name\" content=\"SERHS Serveis\" \/>\n<meta property=\"article:publisher\" content=\"https:\/\/www.facebook.com\/SERHS-Serveis-914835645340740\/\" \/>\n<meta property=\"article:modified_time\" content=\"2025-09-05T15:08:41+00:00\" \/>\n<script type=\"application\/ld+json\" class=\"yoast-schema-graph\">{\"@context\":\"https:\/\/schema.org\",\"@graph\":[{\"@type\":\"WebPage\",\"@id\":\"https:\/\/serhsserveis.com\/es\/gestion-inmobiliaria-serhs\/\",\"url\":\"https:\/\/serhsserveis.com\/es\/gestion-inmobiliaria-serhs\/\",\"name\":\"Gestor\u00eda Inmobilaria SERHS\",\"isPartOf\":{\"@id\":\"https:\/\/serhsserveis.com\/#website\"},\"datePublished\":\"2023-03-23T11:33:56+00:00\",\"dateModified\":\"2025-09-05T15:08:41+00:00\",\"description\":\"Ponemos a tu disposici\u00f3n la Gestor\u00eda Inmobilaria SERHS, por la compra-venta de pisos, casas, terrenos, locales, naves industriales.\",\"breadcrumb\":{\"@id\":\"https:\/\/serhsserveis.com\/es\/gestion-inmobiliaria-serhs\/#breadcrumb\"},\"inLanguage\":\"es\",\"potentialAction\":[{\"@type\":\"ReadAction\",\"target\":[\"https:\/\/serhsserveis.com\/es\/gestion-inmobiliaria-serhs\/\"]}]},{\"@type\":\"BreadcrumbList\",\"@id\":\"https:\/\/serhsserveis.com\/es\/gestion-inmobiliaria-serhs\/#breadcrumb\",\"itemListElement\":[{\"@type\":\"ListItem\",\"position\":1,\"name\":\"Home\",\"item\":\"https:\/\/serhsserveis.com\/es\/\"},{\"@type\":\"ListItem\",\"position\":2,\"name\":\"GESTI\u00d3N INMOBILIARIA\"}]},{\"@type\":\"WebSite\",\"@id\":\"https:\/\/serhsserveis.com\/#website\",\"url\":\"https:\/\/serhsserveis.com\/\",\"name\":\"SERHS Serveis\",\"description\":\"T&#039;ho posa f\u00e0cil\",\"publisher\":{\"@id\":\"https:\/\/serhsserveis.com\/#organization\"},\"potentialAction\":[{\"@type\":\"SearchAction\",\"target\":{\"@type\":\"EntryPoint\",\"urlTemplate\":\"https:\/\/serhsserveis.com\/?s={search_term_string}\"},\"query-input\":{\"@type\":\"PropertyValueSpecification\",\"valueRequired\":true,\"valueName\":\"search_term_string\"}}],\"inLanguage\":\"es\"},{\"@type\":\"Organization\",\"@id\":\"https:\/\/serhsserveis.com\/#organization\",\"name\":\"SERHS Serveis\",\"url\":\"https:\/\/serhsserveis.com\/\",\"logo\":{\"@type\":\"ImageObject\",\"inLanguage\":\"es\",\"@id\":\"https:\/\/serhsserveis.com\/#\/schema\/logo\/image\/\",\"url\":\"https:\/\/serhsserveis.com\/wp-content\/uploads\/2017\/09\/Logo-SERHS-Serveis-Serveis-integrals.png\",\"contentUrl\":\"https:\/\/serhsserveis.com\/wp-content\/uploads\/2017\/09\/Logo-SERHS-Serveis-Serveis-integrals.png\",\"width\":120,\"height\":40,\"caption\":\"SERHS Serveis\"},\"image\":{\"@id\":\"https:\/\/serhsserveis.com\/#\/schema\/logo\/image\/\"},\"sameAs\":[\"https:\/\/www.facebook.com\/SERHS-Serveis-914835645340740\/\",\"https:\/\/www.instagram.com\/serhsserveis\/\",\"https:\/\/www.linkedin.com\/company\/serhs-serveis\",\"https:\/\/www.youtube.com\/channel\/UCyY1p4E94vhubNiJb8yESgQ\"]}]}<\/script>\n<!-- \/ Yoast SEO plugin. -->","yoast_head_json":{"title":"Gestor\u00eda Inmobilaria SERHS","description":"Ponemos a tu disposici\u00f3n la Gestor\u00eda Inmobilaria SERHS, por la compra-venta de pisos, casas, terrenos, locales, naves industriales.","robots":{"index":"index","follow":"follow","max-snippet":"max-snippet:-1","max-image-preview":"max-image-preview:large","max-video-preview":"max-video-preview:-1"},"canonical":"https:\/\/serhsserveis.com\/es\/gestion-inmobiliaria-serhs\/","og_locale":"es_ES","og_type":"article","og_title":"Gestor\u00eda Inmobilaria SERHS","og_description":"Ponemos a tu disposici\u00f3n la Gestor\u00eda Inmobilaria SERHS, por la compra-venta de pisos, casas, terrenos, locales, naves industriales.","og_url":"https:\/\/serhsserveis.com\/es\/gestion-inmobiliaria-serhs\/","og_site_name":"SERHS Serveis","article_publisher":"https:\/\/www.facebook.com\/SERHS-Serveis-914835645340740\/","article_modified_time":"2025-09-05T15:08:41+00:00","schema":{"@context":"https:\/\/schema.org","@graph":[{"@type":"WebPage","@id":"https:\/\/serhsserveis.com\/es\/gestion-inmobiliaria-serhs\/","url":"https:\/\/serhsserveis.com\/es\/gestion-inmobiliaria-serhs\/","name":"Gestor\u00eda Inmobilaria SERHS","isPartOf":{"@id":"https:\/\/serhsserveis.com\/#website"},"datePublished":"2023-03-23T11:33:56+00:00","dateModified":"2025-09-05T15:08:41+00:00","description":"Ponemos a tu disposici\u00f3n la Gestor\u00eda Inmobilaria SERHS, por la compra-venta de pisos, casas, terrenos, locales, naves industriales.","breadcrumb":{"@id":"https:\/\/serhsserveis.com\/es\/gestion-inmobiliaria-serhs\/#breadcrumb"},"inLanguage":"es","potentialAction":[{"@type":"ReadAction","target":["https:\/\/serhsserveis.com\/es\/gestion-inmobiliaria-serhs\/"]}]},{"@type":"BreadcrumbList","@id":"https:\/\/serhsserveis.com\/es\/gestion-inmobiliaria-serhs\/#breadcrumb","itemListElement":[{"@type":"ListItem","position":1,"name":"Home","item":"https:\/\/serhsserveis.com\/es\/"},{"@type":"ListItem","position":2,"name":"GESTI\u00d3N INMOBILIARIA"}]},{"@type":"WebSite","@id":"https:\/\/serhsserveis.com\/#website","url":"https:\/\/serhsserveis.com\/","name":"SERHS Serveis","description":"T&#039;ho posa f\u00e0cil","publisher":{"@id":"https:\/\/serhsserveis.com\/#organization"},"potentialAction":[{"@type":"SearchAction","target":{"@type":"EntryPoint","urlTemplate":"https:\/\/serhsserveis.com\/?s={search_term_string}"},"query-input":{"@type":"PropertyValueSpecification","valueRequired":true,"valueName":"search_term_string"}}],"inLanguage":"es"},{"@type":"Organization","@id":"https:\/\/serhsserveis.com\/#organization","name":"SERHS Serveis","url":"https:\/\/serhsserveis.com\/","logo":{"@type":"ImageObject","inLanguage":"es","@id":"https:\/\/serhsserveis.com\/#\/schema\/logo\/image\/","url":"https:\/\/serhsserveis.com\/wp-content\/uploads\/2017\/09\/Logo-SERHS-Serveis-Serveis-integrals.png","contentUrl":"https:\/\/serhsserveis.com\/wp-content\/uploads\/2017\/09\/Logo-SERHS-Serveis-Serveis-integrals.png","width":120,"height":40,"caption":"SERHS Serveis"},"image":{"@id":"https:\/\/serhsserveis.com\/#\/schema\/logo\/image\/"},"sameAs":["https:\/\/www.facebook.com\/SERHS-Serveis-914835645340740\/","https:\/\/www.instagram.com\/serhsserveis\/","https:\/\/www.linkedin.com\/company\/serhs-serveis","https:\/\/www.youtube.com\/channel\/UCyY1p4E94vhubNiJb8yESgQ"]}]}},"_links":{"self":[{"href":"https:\/\/serhsserveis.com\/es\/wp-json\/wp\/v2\/pages\/29448","targetHints":{"allow":["GET"]}}],"collection":[{"href":"https:\/\/serhsserveis.com\/es\/wp-json\/wp\/v2\/pages"}],"about":[{"href":"https:\/\/serhsserveis.com\/es\/wp-json\/wp\/v2\/types\/page"}],"author":[{"embeddable":true,"href":"https:\/\/serhsserveis.com\/es\/wp-json\/wp\/v2\/users\/10"}],"replies":[{"embeddable":true,"href":"https:\/\/serhsserveis.com\/es\/wp-json\/wp\/v2\/comments?post=29448"}],"version-history":[{"count":5,"href":"https:\/\/serhsserveis.com\/es\/wp-json\/wp\/v2\/pages\/29448\/revisions"}],"predecessor-version":[{"id":32169,"href":"https:\/\/serhsserveis.com\/es\/wp-json\/wp\/v2\/pages\/29448\/revisions\/32169"}],"wp:attachment":[{"href":"https:\/\/serhsserveis.com\/es\/wp-json\/wp\/v2\/media?parent=29448"}],"curies":[{"name":"wp","href":"https:\/\/api.w.org\/{rel}","templated":true}]}}